{"id":5592,"date":"2016-12-05T09:17:34","date_gmt":"2016-12-05T09:17:34","guid":{"rendered":"http:\/\/demo.wpzoom.com\/inspiro\/?page_id=5592"},"modified":"2025-01-27T09:51:51","modified_gmt":"2025-01-27T08:51:51","slug":"about","status":"publish","type":"page","link":"https:\/\/japansfriends.link\/?page_id=5592","title":{"rendered":"Qui sommes-nous ?"},"content":{"rendered":"\t\t<div data-elementor-type=\"wp-page\" data-elementor-id=\"5592\" class=\"elementor elementor-5592\">\n\t\t\t\t\t\t<section class=\"elementor-section elementor-top-section elementor-element elementor-element-6dd5e545 elementor-section-boxed elementor-section-height-default elementor-section-height-default\" data-id=\"6dd5e545\" data-element_type=\"section\" data-e-type=\"section\">\n\t\t\t\t\t\t<div class=\"elementor-container elementor-column-gap-no\">\n\t\t\t\t\t<div class=\"elementor-column elementor-col-100 elementor-top-column elementor-element elementor-element-35934f08\" data-id=\"35934f08\" data-element_type=\"column\" data-e-type=\"column\">\n\t\t\t<div class=\"elementor-widget-wrap elementor-element-populated\">\n\t\t\t\t\t\t<div class=\"elementor-element elementor-element-89ab21a elementor-widget elementor-widget-image\" data-id=\"89ab21a\" data-element_type=\"widget\" data-e-type=\"widget\" data-widget_type=\"image.default\">\n\t\t\t\t<div class=\"elementor-widget-container\">\n\t\t\t\t\t\t\t\t\t\t\t\t\t\t\t<img fetchpriority=\"high\" decoding=\"async\" width=\"2560\" height=\"1153\" src=\"https:\/\/japansfriends.link\/wp-content\/uploads\/2025\/01\/a_propos_image-scaled.webp\" class=\"attachment-full size-full wp-image-8714\" alt=\"\" srcset=\"https:\/\/japansfriends.link\/wp-content\/uploads\/2025\/01\/a_propos_image-scaled.webp 2560w, https:\/\/japansfriends.link\/wp-content\/uploads\/2025\/01\/a_propos_image-300x135.webp 300w, https:\/\/japansfriends.link\/wp-content\/uploads\/2025\/01\/a_propos_image-1024x461.webp 1024w, https:\/\/japansfriends.link\/wp-content\/uploads\/2025\/01\/a_propos_image-2000x901.webp 2000w, https:\/\/japansfriends.link\/wp-content\/uploads\/2025\/01\/a_propos_image-scaled-1536x692.webp 1536w, https:\/\/japansfriends.link\/wp-content\/uploads\/2025\/01\/a_propos_image-scaled-2048x922.webp 2048w, https:\/\/japansfriends.link\/wp-content\/uploads\/2025\/01\/a_propos_image-scaled-600x270.webp 600w, https:\/\/japansfriends.link\/wp-content\/uploads\/2025\/01\/a_propos_image-scaled-1200x540.webp 1200w\" sizes=\"100vw\" \/>\t\t\t\t\t\t\t\t\t\t\t\t\t\t\t<\/div>\n\t\t\t\t<\/div>\n\t\t\t\t<section class=\"elementor-section elementor-inner-section elementor-element elementor-element-7a19ee1 elementor-section-full_width elementor-section-height-default elementor-section-height-default\" data-id=\"7a19ee1\" data-element_type=\"section\" data-e-type=\"section\">\n\t\t\t\t\t\t<div class=\"elementor-container elementor-column-gap-no\">\n\t\t\t\t\t<div class=\"elementor-column elementor-col-100 elementor-inner-column elementor-element elementor-element-371c4441\" data-id=\"371c4441\" data-element_type=\"column\" data-e-type=\"column\">\n\t\t\t<div class=\"elementor-widget-wrap elementor-element-populated\">\n\t\t\t\t\t\t<div class=\"elementor-element elementor-element-14e4796c elementor-widget elementor-widget-text-editor\" data-id=\"14e4796c\" data-element_type=\"widget\" data-e-type=\"widget\" data-widget_type=\"text-editor.default\">\n\t\t\t\t<div class=\"elementor-widget-container\">\n\t\t\t\t\t\t\t\t\t<p>Notre association, bien que modeste, \u00e0 pour objectif de promouvoir et mettre en avant l&#8217;artisanat traditionnel japonais <br \/>et partager des pratiques ancestrales via diff\u00e9rents projets.<br \/>Ensemble, faisons vivre ces tr\u00e9sors culturels et partageons un moment hors du temps et faire d\u00e9couvrir un patrimoine riche en beaut\u00e9 et en s\u00e9r\u00e9nit\u00e9, au croisement de la culture et de l\u2019histoire.<br \/>Inspirer. Emerveiller. Se reconnecter \u00e0 des gestes simples mais porteurs d\u2019une grande spiritualit\u00e9.<br \/>Nous croyons que chaque tradition porte une sagesse universelle qui peut enrichir nos vies modernes.<\/p><p>Nous souhaitons tisser des liens durables avec ces artisans, en savoir plus sur leur art et partager leur histoire avec le monde. <br \/>Si vous \u00eates un artisan traditionnel japonais \u00e9tabli en France, en Europe, au Japon ou ailleurs, <br \/>n&#8217;h\u00e9sitez pas \u00e0 prendre contact avec nous.<br \/>Nous serons ravie d&#8217;\u00e9changer sur une potentielle future collaboration.<br \/><br \/><\/p><p>L&#8217;\u00e9quipe Japan&#8217;s Friends<\/p>\t\t\t\t\t\t\t\t<\/div>\n\t\t\t\t<\/div>\n\t\t\t\t\t<\/div>\n\t\t<\/div>\n\t\t\t\t\t<\/div>\n\t\t<\/section>\n\t\t\t\t\t<\/div>\n\t\t<\/div>\n\t\t\t\t\t<\/div>\n\t\t<\/section>\n\t\t\t\t<\/div>\n\t\t","protected":false},"excerpt":{"rendered":"<p>Notre association, bien que modeste, \u00e0 pour objectif de promouvoir et mettre en avant l&#8217;artisanat traditionnel japonais et partager des pratiques ancestrales via diff\u00e9rents projets.Ensemble, faisons vivre ces tr\u00e9sors culturels et partageons un moment hors du temps et faire d\u00e9couvrir un patrimoine riche en beaut\u00e9 et en s\u00e9r\u00e9nit\u00e9, au croisement de la culture et de &hellip; <\/p>\n<p class=\"link-more\"><a href=\"https:\/\/japansfriends.link\/?page_id=5592\" class=\"more-link\">Read more<span class=\"screen-reader-text\"> &#8220;Qui sommes-nous ?&#8221;<\/span><\/a><\/p>\n","protected":false},"author":1,"featured_media":0,"parent":0,"menu_order":0,"comment_status":"closed","ping_status":"closed","template":"page-templates\/full-width-builder-bb.php","meta":{"_monsterinsights_skip_tracking":false,"_monsterinsights_sitenote_active":false,"_monsterinsights_sitenote_note":"","_monsterinsights_sitenote_category":0,"footnotes":""},"class_list":["post-5592","page","type-page","status-publish","hentry"],"aioseo_notices":[],"featured_media_urls":[],"_links":{"self":[{"href":"https:\/\/japansfriends.link\/index.php?rest_route=\/wp\/v2\/pages\/5592","targetHints":{"allow":["GET"]}}],"collection":[{"href":"https:\/\/japansfriends.link\/index.php?rest_route=\/wp\/v2\/pages"}],"about":[{"href":"https:\/\/japansfriends.link\/index.php?rest_route=\/wp\/v2\/types\/page"}],"author":[{"embeddable":true,"href":"https:\/\/japansfriends.link\/index.php?rest_route=\/wp\/v2\/users\/1"}],"replies":[{"embeddable":true,"href":"https:\/\/japansfriends.link\/index.php?rest_route=%2Fwp%2Fv2%2Fcomments&post=5592"}],"version-history":[{"count":27,"href":"https:\/\/japansfriends.link\/index.php?rest_route=\/wp\/v2\/pages\/5592\/revisions"}],"predecessor-version":[{"id":8740,"href":"https:\/\/japansfriends.link\/index.php?rest_route=\/wp\/v2\/pages\/5592\/revisions\/8740"}],"wp:attachment":[{"href":"https:\/\/japansfriends.link\/index.php?rest_route=%2Fwp%2Fv2%2Fmedia&parent=5592"}],"curies":[{"name":"wp","href":"https:\/\/api.w.org\/{rel}","templated":true}]}}